{"id":32091,"date":"2023-05-16T18:13:07","date_gmt":"2023-05-16T18:13:07","guid":{"rendered":"https:\/\/conforms.com\/?page_id=32091"},"modified":"2024-07-01T16:08:44","modified_gmt":"2024-07-01T21:08:44","slug":"con-formes-endurance-back-end-opt-2","status":"publish","type":"page","link":"https:\/\/conforms.com\/fr\/con-forms-endurance-back-end-opt-2\/","title":{"rendered":"Con Forms Endurance Back-End Opt 2"},"content":{"rendered":"<div data-elementor-type=\"wp-page\" data-elementor-id=\"32091\" class=\"elementor elementor-32091\" data-elementor-post-type=\"page\">\n\t\t\t\t\t\t<section class=\"elementor-section elementor-top-section elementor-element elementor-element-8961674 elementor-section-boxed elementor-section-height-default elementor-section-height-default\" data-id=\"8961674\" data-element_type=\"section\" data-e-type=\"section\" data-settings=\"{&quot;_ob_glider_is_slider&quot;:&quot;no&quot;}\">\n\t\t\t\t\t\t<div class=\"elementor-container elementor-column-gap-default\">\n\t\t\t\t\t<div class=\"elementor-column elementor-col-100 elementor-top-column elementor-element elementor-element-21f8a80\" data-id=\"21f8a80\" data-element_type=\"column\" data-e-type=\"column\" data-settings=\"{&quot;_ob_column_hoveranimator&quot;:&quot;no&quot;,&quot;_ob_column_has_pseudo&quot;:&quot;no&quot;}\">\n\t\t\t<div class=\"elementor-widget-wrap\">\n\t\t\t\t\t\t\t<\/div>\n\t\t<\/div>\n\t\t\t\t\t<\/div>\n\t\t<\/section>\n\t\t\t\t<section class=\"elementor-section elementor-top-section elementor-element elementor-element-87195b0 elementor-section-boxed elementor-section-height-default elementor-section-height-default\" data-id=\"87195b0\" data-element_type=\"section\" data-e-type=\"section\" data-settings=\"{&quot;_ob_glider_is_slider&quot;:&quot;no&quot;}\">\n\t\t\t\t\t\t<div class=\"elementor-container elementor-column-gap-default\">\n\t\t\t\t\t<div class=\"elementor-column elementor-col-100 elementor-top-column elementor-element elementor-element-f312f3f\" data-id=\"f312f3f\" data-element_type=\"column\" data-e-type=\"column\" data-settings=\"{&quot;_ob_column_hoveranimator&quot;:&quot;no&quot;,&quot;_ob_column_has_pseudo&quot;:&quot;no&quot;}\">\n\t\t\t<div class=\"elementor-widget-wrap elementor-element-populated\">\n\t\t\t\t\t\t<div class=\"elementor-element elementor-element-5a3c6f3 ob-has-background-overlay elementor-widget elementor-widget-image\" data-id=\"5a3c6f3\" data-element_type=\"widget\" data-e-type=\"widget\" data-settings=\"{&quot;_ob_photomorph_use&quot;:&quot;no&quot;,&quot;_ob_widget_stalker_use&quot;:&quot;no&quot;,&quot;_ob_poopart_use&quot;:&quot;yes&quot;,&quot;_ob_shadough_use&quot;:&quot;no&quot;,&quot;_ob_allow_hoveranimator&quot;:&quot;no&quot;}\" data-widget_type=\"image.default\">\n\t\t\t\t<div class=\"elementor-widget-container\">\n\t\t\t\t\t\t\t\t\t\t\t\t\t\t\t<img decoding=\"async\" width=\"284\" height=\"104\" src=\"https:\/\/conforms.com\/wp-content\/uploads\/2022\/02\/CONFORMS-Endurance-1.png\" class=\"attachment-large size-large wp-image-991\" alt=\"\" \/>\t\t\t\t\t\t\t\t\t\t\t\t\t\t\t<\/div>\n\t\t\t\t<\/div>\n\t\t\t\t<div class=\"elementor-element elementor-element-644fecd ob-harakiri-inherit ob-has-background-overlay elementor-widget elementor-widget-heading\" data-id=\"644fecd\" data-element_type=\"widget\" data-e-type=\"widget\" data-settings=\"{&quot;_ob_use_harakiri&quot;:&quot;yes&quot;,&quot;_ob_harakiri_writing_mode&quot;:&quot;inherit&quot;,&quot;_ob_harakiri_text_clip&quot;:&quot;none&quot;,&quot;_ob_widget_stalker_use&quot;:&quot;no&quot;,&quot;_ob_poopart_use&quot;:&quot;yes&quot;,&quot;_ob_shadough_use&quot;:&quot;no&quot;,&quot;_ob_allow_hoveranimator&quot;:&quot;no&quot;}\" data-widget_type=\"heading.default\">\n\t\t\t\t<div class=\"elementor-widget-container\">\n\t\t\t\t\t<h2 class=\"elementor-heading-title elementor-size-default\">kit arri\u00e8re opt 2<\/h2>\t\t\t\t<\/div>\n\t\t\t\t<\/div>\n\t\t\t\t<div class=\"elementor-element elementor-element-2fccccc ob-harakiri-inherit ob-has-background-overlay elementor-widget elementor-widget-heading\" data-id=\"2fccccc\" data-element_type=\"widget\" data-e-type=\"widget\" data-settings=\"{&quot;_ob_use_harakiri&quot;:&quot;yes&quot;,&quot;_ob_harakiri_writing_mode&quot;:&quot;inherit&quot;,&quot;_ob_harakiri_text_clip&quot;:&quot;none&quot;,&quot;_ob_widget_stalker_use&quot;:&quot;no&quot;,&quot;_ob_poopart_use&quot;:&quot;yes&quot;,&quot;_ob_shadough_use&quot;:&quot;no&quot;,&quot;_ob_allow_hoveranimator&quot;:&quot;no&quot;}\" data-widget_type=\"heading.default\">\n\t\t\t\t<div class=\"elementor-widget-container\">\n\t\t\t\t\t<h2 class=\"elementor-heading-title elementor-size-default\">KIT D&#039;EXTR\u00c9MIT\u00c9 ARRI\u00c8RE DOUBL\u00c9E CCI SCHWING (OPTION 2)<\/h2>\t\t\t\t<\/div>\n\t\t\t\t<\/div>\n\t\t\t\t<div class=\"elementor-element elementor-element-ad2ec89 ob-harakiri-inherit ob-has-background-overlay elementor-widget elementor-widget-text-editor\" data-id=\"ad2ec89\" data-element_type=\"widget\" data-e-type=\"widget\" data-settings=\"{&quot;_ob_use_harakiri&quot;:&quot;yes&quot;,&quot;_ob_harakiri_writing_mode&quot;:&quot;inherit&quot;,&quot;_ob_postman_use&quot;:&quot;no&quot;,&quot;_ob_widget_stalker_use&quot;:&quot;no&quot;,&quot;_ob_poopart_use&quot;:&quot;yes&quot;,&quot;_ob_shadough_use&quot;:&quot;no&quot;,&quot;_ob_allow_hoveranimator&quot;:&quot;no&quot;}\" data-widget_type=\"text-editor.default\">\n\t\t\t\t<div class=\"elementor-widget-container\">\n\t\t\t\t\t\t\t\t\t<p>Kit arri\u00e8re rev\u00eatu de carbure de chrome pour camions-pompes Schwing. D&#039;autres longueurs de r\u00e9ducteur, angles de courbure de coude et styles d&#039;extr\u00e9mit\u00e9 sont disponibles sur demande. Des configurations de m\u00e9langes difficiles sont \u00e9galement disponibles, contactez-nous.\u00a0<\/p>\t\t\t\t\t\t\t\t<\/div>\n\t\t\t\t<\/div>\n\t\t\t\t<div class=\"elementor-element elementor-element-b245133 ob-has-background-overlay elementor-widget elementor-widget-spacer\" data-id=\"b245133\" data-element_type=\"widget\" data-e-type=\"widget\" data-settings=\"{&quot;_ob_spacerat_use&quot;:&quot;no&quot;,&quot;_ob_widget_stalker_use&quot;:&quot;no&quot;,&quot;_ob_poopart_use&quot;:&quot;yes&quot;,&quot;_ob_shadough_use&quot;:&quot;no&quot;,&quot;_ob_allow_hoveranimator&quot;:&quot;no&quot;}\" data-widget_type=\"spacer.default\">\n\t\t\t\t<div class=\"elementor-widget-container\">\n\t\t\t\t\t\t\t<div class=\"elementor-spacer\">\n\t\t\t<div class=\"elementor-spacer-inner\"><\/div>\n\t\t<\/div>\n\t\t\t\t\t\t<\/div>\n\t\t\t\t<\/div>\n\t\t\t\t\t<\/div>\n\t\t<\/div>\n\t\t\t\t\t<\/div>\n\t\t<\/section>\n\t\t\t\t<section class=\"elementor-section elementor-top-section elementor-element elementor-element-bdcd9c8 elementor-section-boxed elementor-section-height-default elementor-section-height-default\" data-id=\"bdcd9c8\" data-element_type=\"section\" data-e-type=\"section\" data-settings=\"{&quot;_ob_glider_is_slider&quot;:&quot;no&quot;}\">\n\t\t\t\t\t\t<div class=\"elementor-container elementor-column-gap-default\">\n\t\t\t\t\t<div class=\"elementor-column elementor-col-100 elementor-top-column elementor-element elementor-element-95572ce\" data-id=\"95572ce\" data-element_type=\"column\" data-e-type=\"column\" data-settings=\"{&quot;_ob_column_hoveranimator&quot;:&quot;no&quot;,&quot;_ob_column_has_pseudo&quot;:&quot;no&quot;}\">\n\t\t\t<div class=\"elementor-widget-wrap elementor-element-populated\">\n\t\t\t\t\t\t<div class=\"elementor-element elementor-element-90a98c0 ob-has-background-overlay elementor-widget elementor-widget-image\" data-id=\"90a98c0\" data-element_type=\"widget\" data-e-type=\"widget\" data-settings=\"{&quot;_ob_photomorph_use&quot;:&quot;no&quot;,&quot;_ob_widget_stalker_use&quot;:&quot;no&quot;,&quot;_ob_poopart_use&quot;:&quot;yes&quot;,&quot;_ob_shadough_use&quot;:&quot;no&quot;,&quot;_ob_allow_hoveranimator&quot;:&quot;no&quot;}\" data-widget_type=\"image.default\">\n\t\t\t\t<div class=\"elementor-widget-container\">\n\t\t\t\t\t\t\t\t\t\t\t\t\t\t\t<img fetchpriority=\"high\" decoding=\"async\" width=\"768\" height=\"994\" src=\"https:\/\/conforms.com\/wp-content\/uploads\/2023\/05\/Con-Forms-Endurance-Schwing-Back-End-Kit-Opt-2-768x994.png\" class=\"attachment-medium_large size-medium_large wp-image-31679\" alt=\"\" srcset=\"https:\/\/conforms.com\/wp-content\/uploads\/2023\/05\/Con-Forms-Endurance-Schwing-Back-End-Kit-Opt-2-768x994.png 768w, https:\/\/conforms.com\/wp-content\/uploads\/2023\/05\/Con-Forms-Endurance-Schwing-Back-End-Kit-Opt-2-232x300.png 232w, https:\/\/conforms.com\/wp-content\/uploads\/2023\/05\/Con-Forms-Endurance-Schwing-Back-End-Kit-Opt-2-791x1024.png 791w, https:\/\/conforms.com\/wp-content\/uploads\/2023\/05\/Con-Forms-Endurance-Schwing-Back-End-Kit-Opt-2-1187x1536.png 1187w, https:\/\/conforms.com\/wp-content\/uploads\/2023\/05\/Con-Forms-Endurance-Schwing-Back-End-Kit-Opt-2-600x777.png 600w, https:\/\/conforms.com\/wp-content\/uploads\/2023\/05\/Con-Forms-Endurance-Schwing-Back-End-Kit-Opt-2.png 1545w\" sizes=\"(max-width: 768px) 100vw, 768px\" \/>\t\t\t\t\t\t\t\t\t\t\t\t\t\t\t<\/div>\n\t\t\t\t<\/div>\n\t\t\t\t\t<\/div>\n\t\t<\/div>\n\t\t\t\t\t<\/div>\n\t\t<\/section>\n\t\t\t\t<section class=\"elementor-section elementor-top-section elementor-element elementor-element-c57bbde elementor-section-boxed elementor-section-height-default elementor-section-height-default\" data-id=\"c57bbde\" data-element_type=\"section\" data-e-type=\"section\" data-settings=\"{&quot;_ob_glider_is_slider&quot;:&quot;no&quot;}\">\n\t\t\t\t\t\t<div class=\"elementor-container elementor-column-gap-default\">\n\t\t\t\t\t<div class=\"elementor-column elementor-col-100 elementor-top-column elementor-element elementor-element-aa1fc60\" data-id=\"aa1fc60\" data-element_type=\"column\" data-e-type=\"column\" data-settings=\"{&quot;_ob_column_hoveranimator&quot;:&quot;no&quot;,&quot;_ob_column_has_pseudo&quot;:&quot;no&quot;}\">\n\t\t\t<div class=\"elementor-widget-wrap elementor-element-populated\">\n\t\t\t\t\t\t<div class=\"elementor-element elementor-element-df5f243 ob-has-background-overlay elementor-widget elementor-widget-image\" data-id=\"df5f243\" data-element_type=\"widget\" data-e-type=\"widget\" data-settings=\"{&quot;_ob_photomorph_use&quot;:&quot;no&quot;,&quot;_ob_widget_stalker_use&quot;:&quot;no&quot;,&quot;_ob_poopart_use&quot;:&quot;yes&quot;,&quot;_ob_shadough_use&quot;:&quot;no&quot;,&quot;_ob_allow_hoveranimator&quot;:&quot;no&quot;}\" data-widget_type=\"image.default\">\n\t\t\t\t<div class=\"elementor-widget-container\">\n\t\t\t\t\t\t\t\t\t\t\t\t\t\t\t<img decoding=\"async\" width=\"2000\" height=\"871\" src=\"https:\/\/conforms.com\/wp-content\/uploads\/2023\/05\/Con-Forms-Endurance-Schwing-Back-End-Kit-Opt-2-1.png\" class=\"attachment-full size-full wp-image-32102\" alt=\"\" srcset=\"https:\/\/conforms.com\/wp-content\/uploads\/2023\/05\/Con-Forms-Endurance-Schwing-Back-End-Kit-Opt-2-1.png 2000w, https:\/\/conforms.com\/wp-content\/uploads\/2023\/05\/Con-Forms-Endurance-Schwing-Back-End-Kit-Opt-2-1-300x131.png 300w, https:\/\/conforms.com\/wp-content\/uploads\/2023\/05\/Con-Forms-Endurance-Schwing-Back-End-Kit-Opt-2-1-1024x446.png 1024w, https:\/\/conforms.com\/wp-content\/uploads\/2023\/05\/Con-Forms-Endurance-Schwing-Back-End-Kit-Opt-2-1-768x334.png 768w, https:\/\/conforms.com\/wp-content\/uploads\/2023\/05\/Con-Forms-Endurance-Schwing-Back-End-Kit-Opt-2-1-1536x669.png 1536w, https:\/\/conforms.com\/wp-content\/uploads\/2023\/05\/Con-Forms-Endurance-Schwing-Back-End-Kit-Opt-2-1-600x261.png 600w\" sizes=\"(max-width: 2000px) 100vw, 2000px\" \/>\t\t\t\t\t\t\t\t\t\t\t\t\t\t\t<\/div>\n\t\t\t\t<\/div>\n\t\t\t\t\t<\/div>\n\t\t<\/div>\n\t\t\t\t\t<\/div>\n\t\t<\/section>\n\t\t\t\t<section class=\"elementor-section elementor-top-section elementor-element elementor-element-cd4353e elementor-section-boxed elementor-section-height-default elementor-section-height-default\" data-id=\"cd4353e\" data-element_type=\"section\" data-e-type=\"section\" data-settings=\"{&quot;background_background&quot;:&quot;classic&quot;,&quot;_ob_glider_is_slider&quot;:&quot;no&quot;}\">\n\t\t\t\t\t\t<div class=\"elementor-container elementor-column-gap-default\">\n\t\t\t\t\t<div class=\"elementor-column elementor-col-100 elementor-top-column elementor-element elementor-element-1ecf98e\" data-id=\"1ecf98e\" data-element_type=\"column\" data-e-type=\"column\" data-settings=\"{&quot;_ob_column_hoveranimator&quot;:&quot;no&quot;,&quot;_ob_column_has_pseudo&quot;:&quot;no&quot;}\">\n\t\t\t<div class=\"elementor-widget-wrap elementor-element-populated\">\n\t\t\t\t\t\t<div class=\"elementor-element elementor-element-fd0b365 ob-harakiri-inherit ob-has-background-overlay elementor-widget elementor-widget-heading\" data-id=\"fd0b365\" data-element_type=\"widget\" data-e-type=\"widget\" data-settings=\"{&quot;_ob_use_harakiri&quot;:&quot;yes&quot;,&quot;_ob_harakiri_writing_mode&quot;:&quot;inherit&quot;,&quot;_ob_harakiri_text_clip&quot;:&quot;none&quot;,&quot;_ob_widget_stalker_use&quot;:&quot;no&quot;,&quot;_ob_poopart_use&quot;:&quot;yes&quot;,&quot;_ob_shadough_use&quot;:&quot;no&quot;,&quot;_ob_allow_hoveranimator&quot;:&quot;no&quot;}\" data-widget_type=\"heading.default\">\n\t\t\t\t<div class=\"elementor-widget-container\">\n\t\t\t\t\t<h2 class=\"elementor-heading-title elementor-size-default\">CONTACTEZ-NOUS POUR EN SAVOIR PLUS <\/h2>\t\t\t\t<\/div>\n\t\t\t\t<\/div>\n\t\t\t\t<div class=\"elementor-element elementor-element-4e7f815 elementor-widget-divider--view-line ob-has-background-overlay elementor-widget elementor-widget-divider\" data-id=\"4e7f815\" data-element_type=\"widget\" data-e-type=\"widget\" data-settings=\"{&quot;_ob_widget_stalker_use&quot;:&quot;no&quot;,&quot;_ob_poopart_use&quot;:&quot;yes&quot;,&quot;_ob_shadough_use&quot;:&quot;no&quot;,&quot;_ob_allow_hoveranimator&quot;:&quot;no&quot;}\" data-widget_type=\"divider.default\">\n\t\t\t\t<div class=\"elementor-widget-container\">\n\t\t\t\t\t\t\t<div class=\"elementor-divider\">\n\t\t\t<span class=\"elementor-divider-separator\">\n\t\t\t\t\t\t<\/span>\n\t\t<\/div>\n\t\t\t\t\t\t<\/div>\n\t\t\t\t<\/div>\n\t\t\t\t<div class=\"elementor-element elementor-element-57c4ffc elementor-align-center ob-has-background-overlay elementor-widget elementor-widget-button\" data-id=\"57c4ffc\" data-element_type=\"widget\" data-e-type=\"widget\" data-settings=\"{&quot;_ob_butterbutton_use_it&quot;:&quot;no&quot;,&quot;_ob_widget_stalker_use&quot;:&quot;no&quot;,&quot;_ob_poopart_use&quot;:&quot;yes&quot;,&quot;_ob_shadough_use&quot;:&quot;no&quot;,&quot;_ob_allow_hoveranimator&quot;:&quot;no&quot;}\" data-widget_type=\"button.default\">\n\t\t\t\t<div class=\"elementor-widget-container\">\n\t\t\t\t\t\t\t\t\t<div class=\"elementor-button-wrapper\">\n\t\t\t\t\t<a class=\"elementor-button elementor-button-link elementor-size-sm\" href=\"\/contact\">\n\t\t\t\t\t\t<span class=\"elementor-button-content-wrapper\">\n\t\t\t\t\t\t<span class=\"elementor-button-icon\">\n\t\t\t\t<i aria-hidden=\"true\" class=\"fas fa-arrow-right\"><\/i>\t\t\t<\/span>\n\t\t\t\t\t\t\t\t\t<span class=\"elementor-button-text\">CLIQUEZ ICI<\/span>\n\t\t\t\t\t<\/span>\n\t\t\t\t\t<\/a>\n\t\t\t\t<\/div>\n\t\t\t\t\t\t\t\t<\/div>\n\t\t\t\t<\/div>\n\t\t\t\t\t<\/div>\n\t\t<\/div>\n\t\t\t\t\t<\/div>\n\t\t<\/section>\n\t\t\t\t<\/div>","protected":false},"excerpt":{"rendered":"<p>back end kit opt 2 SCHWING CCI-LINED BACK END KIT (OPTION 2) Chrome Carbide Lined Back End Kit for Schwing pump trucks. Other reducer length, elbow bend angles and end styles are available upon request. Harsh mix configurations are also available, contact us.&nbsp; CONTACT US TO LEARN MORE CLICK HERE<\/p>","protected":false},"author":1,"featured_media":0,"parent":0,"menu_order":0,"comment_status":"closed","ping_status":"closed","template":"","meta":{"_uf_show_specific_survey":0,"_uf_disable_surveys":false,"footnotes":""},"class_list":["post-32091","page","type-page","status-publish","hentry"],"yoast_head":"<!-- This site is optimized with the Yoast SEO Premium plugin v27.4 (Yoast SEO v27.4) - https:\/\/yoast.com\/product\/yoast-seo-premium-wordpress\/ -->\n<title>Back End Kits for Concrete Pump Schwing<\/title>\n<meta name=\"description\" content=\"Enhance your Schwing pump truck with our chrome carbide lined back end kit. Customizable reducer length, elbow bend angles, and end styles.\" \/>\n<meta name=\"robots\" content=\"index, follow, max-snippet:-1, max-image-preview:large, max-video-preview:-1\" \/>\n<link rel=\"canonical\" href=\"https:\/\/conforms.com\/fr\/con-formes-endurance-back-end-opt-2\/\" \/>\n<meta property=\"og:locale\" content=\"fr_CA\" \/>\n<meta property=\"og:type\" content=\"article\" \/>\n<meta property=\"og:title\" content=\"Con Forms Endurance Back End Opt 2\" \/>\n<meta property=\"og:description\" content=\"Enhance your Schwing pump truck with our chrome carbide lined back end kit. Customizable reducer length, elbow bend angles, and end styles.\" \/>\n<meta property=\"og:url\" content=\"https:\/\/conforms.com\/fr\/con-formes-endurance-back-end-opt-2\/\" \/>\n<meta property=\"og:site_name\" content=\"Conforms\" \/>\n<meta property=\"article:modified_time\" content=\"2024-07-01T21:08:44+00:00\" \/>\n<meta property=\"og:image\" content=\"http:\/\/conforms.com\/wp-content\/uploads\/2022\/02\/CONFORMS-Endurance-1.png\" \/>\n<meta name=\"twitter:card\" content=\"summary_large_image\" \/>\n<meta name=\"twitter:label1\" content=\"Estimation du temps de lecture\" \/>\n\t<meta name=\"twitter:data1\" content=\"1 minute\" \/>\n<script type=\"application\/ld+json\" class=\"yoast-schema-graph\">{\"@context\":\"https:\\\/\\\/schema.org\",\"@graph\":[{\"@type\":\"WebPage\",\"@id\":\"https:\\\/\\\/conforms.com\\\/con-forms-endurance-back-end-opt-2\\\/\",\"url\":\"https:\\\/\\\/conforms.com\\\/con-forms-endurance-back-end-opt-2\\\/\",\"name\":\"Back End Kits for Concrete Pump Schwing\",\"isPartOf\":{\"@id\":\"https:\\\/\\\/conforms.com\\\/#website\"},\"primaryImageOfPage\":{\"@id\":\"https:\\\/\\\/conforms.com\\\/con-forms-endurance-back-end-opt-2\\\/#primaryimage\"},\"image\":{\"@id\":\"https:\\\/\\\/conforms.com\\\/con-forms-endurance-back-end-opt-2\\\/#primaryimage\"},\"thumbnailUrl\":\"http:\\\/\\\/conforms.com\\\/wp-content\\\/uploads\\\/2022\\\/02\\\/CONFORMS-Endurance-1.png\",\"datePublished\":\"2023-05-16T18:13:07+00:00\",\"dateModified\":\"2024-07-01T21:08:44+00:00\",\"description\":\"Enhance your Schwing pump truck with our chrome carbide lined back end kit. Customizable reducer length, elbow bend angles, and end styles.\",\"breadcrumb\":{\"@id\":\"https:\\\/\\\/conforms.com\\\/con-forms-endurance-back-end-opt-2\\\/#breadcrumb\"},\"inLanguage\":\"fr-CA\",\"potentialAction\":[{\"@type\":\"ReadAction\",\"target\":[\"https:\\\/\\\/conforms.com\\\/con-forms-endurance-back-end-opt-2\\\/\"]}]},{\"@type\":\"ImageObject\",\"inLanguage\":\"fr-CA\",\"@id\":\"https:\\\/\\\/conforms.com\\\/con-forms-endurance-back-end-opt-2\\\/#primaryimage\",\"url\":\"http:\\\/\\\/conforms.com\\\/wp-content\\\/uploads\\\/2022\\\/02\\\/CONFORMS-Endurance-1.png\",\"contentUrl\":\"http:\\\/\\\/conforms.com\\\/wp-content\\\/uploads\\\/2022\\\/02\\\/CONFORMS-Endurance-1.png\"},{\"@type\":\"BreadcrumbList\",\"@id\":\"https:\\\/\\\/conforms.com\\\/con-forms-endurance-back-end-opt-2\\\/#breadcrumb\",\"itemListElement\":[{\"@type\":\"ListItem\",\"position\":1,\"name\":\"Home\",\"item\":\"https:\\\/\\\/conforms.com\\\/\"},{\"@type\":\"ListItem\",\"position\":2,\"name\":\"Con Forms Endurance Back End Opt 2\"}]},{\"@type\":\"WebSite\",\"@id\":\"https:\\\/\\\/conforms.com\\\/#website\",\"url\":\"https:\\\/\\\/conforms.com\\\/\",\"name\":\"Conforms\",\"description\":\"Concrete Pumping Pipe Manufacturer\",\"publisher\":{\"@id\":\"https:\\\/\\\/conforms.com\\\/#organization\"},\"potentialAction\":[{\"@type\":\"SearchAction\",\"target\":{\"@type\":\"EntryPoint\",\"urlTemplate\":\"https:\\\/\\\/conforms.com\\\/?s={search_term_string}\"},\"query-input\":{\"@type\":\"PropertyValueSpecification\",\"valueRequired\":true,\"valueName\":\"search_term_string\"}}],\"inLanguage\":\"fr-CA\"},{\"@type\":\"Organization\",\"@id\":\"https:\\\/\\\/conforms.com\\\/#organization\",\"name\":\"Conforms\",\"url\":\"https:\\\/\\\/conforms.com\\\/\",\"logo\":{\"@type\":\"ImageObject\",\"inLanguage\":\"fr-CA\",\"@id\":\"https:\\\/\\\/conforms.com\\\/#\\\/schema\\\/logo\\\/image\\\/\",\"url\":\"https:\\\/\\\/conforms.com\\\/wp-content\\\/uploads\\\/2022\\\/01\\\/Con-Forms-Header-Logo.png\",\"contentUrl\":\"https:\\\/\\\/conforms.com\\\/wp-content\\\/uploads\\\/2022\\\/01\\\/Con-Forms-Header-Logo.png\",\"width\":3136,\"height\":592,\"caption\":\"Conforms\"},\"image\":{\"@id\":\"https:\\\/\\\/conforms.com\\\/#\\\/schema\\\/logo\\\/image\\\/\"}}]}<\/script>\n<!-- \/ Yoast SEO Premium plugin. -->","yoast_head_json":{"title":"Back End Kits for Concrete Pump Schwing","description":"Enhance your Schwing pump truck with our chrome carbide lined back end kit. Customizable reducer length, elbow bend angles, and end styles.","robots":{"index":"index","follow":"follow","max-snippet":"max-snippet:-1","max-image-preview":"max-image-preview:large","max-video-preview":"max-video-preview:-1"},"canonical":"https:\/\/conforms.com\/fr\/con-formes-endurance-back-end-opt-2\/","og_locale":"fr_CA","og_type":"article","og_title":"Con Forms Endurance Back End Opt 2","og_description":"Enhance your Schwing pump truck with our chrome carbide lined back end kit. Customizable reducer length, elbow bend angles, and end styles.","og_url":"https:\/\/conforms.com\/fr\/con-formes-endurance-back-end-opt-2\/","og_site_name":"Conforms","article_modified_time":"2024-07-01T21:08:44+00:00","og_image":[{"url":"http:\/\/conforms.com\/wp-content\/uploads\/2022\/02\/CONFORMS-Endurance-1.png","type":"","width":"","height":""}],"twitter_card":"summary_large_image","twitter_misc":{"Estimation du temps de lecture":"1 minute"},"schema":{"@context":"https:\/\/schema.org","@graph":[{"@type":"WebPage","@id":"https:\/\/conforms.com\/con-forms-endurance-back-end-opt-2\/","url":"https:\/\/conforms.com\/con-forms-endurance-back-end-opt-2\/","name":"Back End Kits for Concrete Pump Schwing","isPartOf":{"@id":"https:\/\/conforms.com\/#website"},"primaryImageOfPage":{"@id":"https:\/\/conforms.com\/con-forms-endurance-back-end-opt-2\/#primaryimage"},"image":{"@id":"https:\/\/conforms.com\/con-forms-endurance-back-end-opt-2\/#primaryimage"},"thumbnailUrl":"http:\/\/conforms.com\/wp-content\/uploads\/2022\/02\/CONFORMS-Endurance-1.png","datePublished":"2023-05-16T18:13:07+00:00","dateModified":"2024-07-01T21:08:44+00:00","description":"Enhance your Schwing pump truck with our chrome carbide lined back end kit. Customizable reducer length, elbow bend angles, and end styles.","breadcrumb":{"@id":"https:\/\/conforms.com\/con-forms-endurance-back-end-opt-2\/#breadcrumb"},"inLanguage":"fr-CA","potentialAction":[{"@type":"ReadAction","target":["https:\/\/conforms.com\/con-forms-endurance-back-end-opt-2\/"]}]},{"@type":"ImageObject","inLanguage":"fr-CA","@id":"https:\/\/conforms.com\/con-forms-endurance-back-end-opt-2\/#primaryimage","url":"http:\/\/conforms.com\/wp-content\/uploads\/2022\/02\/CONFORMS-Endurance-1.png","contentUrl":"http:\/\/conforms.com\/wp-content\/uploads\/2022\/02\/CONFORMS-Endurance-1.png"},{"@type":"BreadcrumbList","@id":"https:\/\/conforms.com\/con-forms-endurance-back-end-opt-2\/#breadcrumb","itemListElement":[{"@type":"ListItem","position":1,"name":"Home","item":"https:\/\/conforms.com\/"},{"@type":"ListItem","position":2,"name":"Con Forms Endurance Back End Opt 2"}]},{"@type":"WebSite","@id":"https:\/\/conforms.com\/#website","url":"https:\/\/conforms.com\/","name":"Conforme","description":"Fabricant de tuyaux de pompage de b\u00e9ton","publisher":{"@id":"https:\/\/conforms.com\/#organization"},"potentialAction":[{"@type":"SearchAction","target":{"@type":"EntryPoint","urlTemplate":"https:\/\/conforms.com\/?s={search_term_string}"},"query-input":{"@type":"PropertyValueSpecification","valueRequired":true,"valueName":"search_term_string"}}],"inLanguage":"fr-CA"},{"@type":"Organization","@id":"https:\/\/conforms.com\/#organization","name":"Conforme","url":"https:\/\/conforms.com\/","logo":{"@type":"ImageObject","inLanguage":"fr-CA","@id":"https:\/\/conforms.com\/#\/schema\/logo\/image\/","url":"https:\/\/conforms.com\/wp-content\/uploads\/2022\/01\/Con-Forms-Header-Logo.png","contentUrl":"https:\/\/conforms.com\/wp-content\/uploads\/2022\/01\/Con-Forms-Header-Logo.png","width":3136,"height":592,"caption":"Conforms"},"image":{"@id":"https:\/\/conforms.com\/#\/schema\/logo\/image\/"}}]}},"_links":{"self":[{"href":"https:\/\/conforms.com\/fr\/wp-json\/wp\/v2\/pages\/32091","targetHints":{"allow":["GET"]}}],"collection":[{"href":"https:\/\/conforms.com\/fr\/wp-json\/wp\/v2\/pages"}],"about":[{"href":"https:\/\/conforms.com\/fr\/wp-json\/wp\/v2\/types\/page"}],"author":[{"embeddable":true,"href":"https:\/\/conforms.com\/fr\/wp-json\/wp\/v2\/users\/1"}],"replies":[{"embeddable":true,"href":"https:\/\/conforms.com\/fr\/wp-json\/wp\/v2\/comments?post=32091"}],"version-history":[{"count":15,"href":"https:\/\/conforms.com\/fr\/wp-json\/wp\/v2\/pages\/32091\/revisions"}],"predecessor-version":[{"id":35020,"href":"https:\/\/conforms.com\/fr\/wp-json\/wp\/v2\/pages\/32091\/revisions\/35020"}],"wp:attachment":[{"href":"https:\/\/conforms.com\/fr\/wp-json\/wp\/v2\/media?parent=32091"}],"curies":[{"name":"wp","href":"https:\/\/api.w.org\/{rel}","templated":true}]}}