{"id":32035,"date":"2023-05-16T18:26:32","date_gmt":"2023-05-16T18:26:32","guid":{"rendered":"https:\/\/conforms.com\/?page_id=32035"},"modified":"2024-12-04T15:52:23","modified_gmt":"2024-12-04T21:52:23","slug":"lavage-de-rhinoceros","status":"publish","type":"page","link":"https:\/\/conforms.com\/fr\/rhino-washout\/","title":{"rendered":"Lavage du rhinoc\u00e9ros"},"content":{"rendered":"<div data-elementor-type=\"wp-page\" data-elementor-id=\"32035\" class=\"elementor elementor-32035\" data-elementor-post-type=\"page\">\n\t\t\t\t\t\t<section class=\"elementor-section elementor-top-section elementor-element elementor-element-11d509b elementor-section-boxed elementor-section-height-default elementor-section-height-default\" data-id=\"11d509b\" data-element_type=\"section\" data-e-type=\"section\" data-settings=\"{&quot;_ob_glider_is_slider&quot;:&quot;no&quot;}\">\n\t\t\t\t\t\t<div class=\"elementor-container elementor-column-gap-default\">\n\t\t\t\t\t<div class=\"elementor-column elementor-col-100 elementor-top-column elementor-element elementor-element-e953cac\" data-id=\"e953cac\" data-element_type=\"column\" data-e-type=\"column\" data-settings=\"{&quot;_ob_column_hoveranimator&quot;:&quot;no&quot;,&quot;_ob_column_has_pseudo&quot;:&quot;no&quot;}\">\n\t\t\t<div class=\"elementor-widget-wrap elementor-element-populated\">\n\t\t\t\t\t\t<div class=\"elementor-element elementor-element-486fd79 ob-harakiri-inherit ob-has-background-overlay elementor-widget elementor-widget-heading\" data-id=\"486fd79\" data-element_type=\"widget\" data-e-type=\"widget\" data-settings=\"{&quot;_ob_use_harakiri&quot;:&quot;yes&quot;,&quot;_ob_harakiri_writing_mode&quot;:&quot;inherit&quot;,&quot;_ob_harakiri_text_clip&quot;:&quot;none&quot;,&quot;_ob_widget_stalker_use&quot;:&quot;no&quot;,&quot;_ob_poopart_use&quot;:&quot;yes&quot;,&quot;_ob_shadough_use&quot;:&quot;no&quot;,&quot;_ob_allow_hoveranimator&quot;:&quot;no&quot;}\" data-widget_type=\"heading.default\">\n\t\t\t\t<div class=\"elementor-widget-container\">\n\t\t\t\t\t<h2 class=\"elementor-heading-title elementor-size-default\">CON FORMES &amp; RHINO WASHOUT<\/h2>\t\t\t\t<\/div>\n\t\t\t\t<\/div>\n\t\t\t\t\t<\/div>\n\t\t<\/div>\n\t\t\t\t\t<\/div>\n\t\t<\/section>\n\t\t\t\t<section class=\"elementor-section elementor-top-section elementor-element elementor-element-7bafaa0 elementor-section-boxed elementor-section-height-default elementor-section-height-default\" data-id=\"7bafaa0\" data-element_type=\"section\" data-e-type=\"section\" data-settings=\"{&quot;_ob_glider_is_slider&quot;:&quot;no&quot;}\">\n\t\t\t\t\t\t<div class=\"elementor-container elementor-column-gap-default\">\n\t\t\t\t\t<div class=\"elementor-column elementor-col-50 elementor-top-column elementor-element elementor-element-91eb2d2\" data-id=\"91eb2d2\" data-element_type=\"column\" data-e-type=\"column\" data-settings=\"{&quot;_ob_column_hoveranimator&quot;:&quot;no&quot;,&quot;_ob_column_has_pseudo&quot;:&quot;no&quot;}\">\n\t\t\t<div class=\"elementor-widget-wrap elementor-element-populated\">\n\t\t\t\t\t\t<div class=\"elementor-element elementor-element-ff17f87 ob-harakiri-inherit ob-has-background-overlay elementor-widget elementor-widget-text-editor\" data-id=\"ff17f87\" data-element_type=\"widget\" data-e-type=\"widget\" data-settings=\"{&quot;_ob_use_harakiri&quot;:&quot;yes&quot;,&quot;_ob_harakiri_writing_mode&quot;:&quot;inherit&quot;,&quot;_ob_postman_use&quot;:&quot;no&quot;,&quot;_ob_widget_stalker_use&quot;:&quot;no&quot;,&quot;_ob_poopart_use&quot;:&quot;yes&quot;,&quot;_ob_shadough_use&quot;:&quot;no&quot;,&quot;_ob_allow_hoveranimator&quot;:&quot;no&quot;}\" data-widget_type=\"text-editor.default\">\n\t\t\t\t<div class=\"elementor-widget-container\">\n\t\t\t\t\t\t\t\t\t<p><strong>Confinement des eaux de lavage du b\u00e9ton \u2013 Le meilleur des deux mondes<\/strong><\/p><p>Aucun travail n&#039;est termin\u00e9 tant que votre \u00e9quipement n&#039;est pas soigneusement nettoy\u00e9 et que les d\u00e9chets ne sont pas correctement confin\u00e9s. Les r\u00e9cipients de confinement couramment utilis\u00e9s comprennent les bacs en acier r\u00e9utilisables, qui sont des contenants en carton lourds et fragiles, ou des sacs en tissu ing\u00e9rables. Chaque option a des avantages et des inconv\u00e9nients, mais le Rhino Washout combine toutes les meilleures caract\u00e9ristiques de chaque mat\u00e9riau.<\/p><p>Le Rhino Washout &quot;All-Weather Tough&quot; est construit \u00e0 partir d&#039;une formulation de plastique propri\u00e9taire robuste appel\u00e9e &quot;korFLEXX&quot;. Ce mat\u00e9riau est suffisamment r\u00e9sistant pour \u00eatre utilis\u00e9 dans toutes les conditions m\u00e9t\u00e9orologiques mais suffisamment l\u00e9ger pour \u00eatre manipul\u00e9 par une seule personne. Lorsqu&#039;il est ouvert, chaque Rhino Washout de 48&quot; x 48&quot; x 14&quot; contient plus de 1\/2 m\u00e8tre de d\u00e9chets de b\u00e9ton et se replie facilement dans un profil mince de 47&quot; x 23&quot; x 2&quot; pour un transport et un stockage faciles sur le chantier. Chaque lavage comprend une doublure en plastique sans fuite pour un confinement s\u00fbr des d\u00e9chets de b\u00e9ton. Remplissez simplement et laissez jusqu&#039;\u00e0 ce que le b\u00e9ton durcisse. Notre Rhino Washout, le meilleur de sa cat\u00e9gorie, conforme aux normes EPA et BMP, est fabriqu\u00e9 \u00e0 partir de mat\u00e9riaux recyclables et est \u00e9galement sans danger pour les d\u00e9charges, ce qui facilite l&#039;\u00e9limination l\u00e9gale.\u00a0<\/p><p>Partie #\u00a0: WOP-070SU<\/p>\t\t\t\t\t\t\t\t<\/div>\n\t\t\t\t<\/div>\n\t\t\t\t\t<\/div>\n\t\t<\/div>\n\t\t\t\t<div class=\"elementor-column elementor-col-50 elementor-top-column elementor-element elementor-element-62f7b0d\" data-id=\"62f7b0d\" data-element_type=\"column\" data-e-type=\"column\" data-settings=\"{&quot;_ob_column_hoveranimator&quot;:&quot;no&quot;,&quot;_ob_column_has_pseudo&quot;:&quot;no&quot;}\">\n\t\t\t<div class=\"elementor-widget-wrap elementor-element-populated\">\n\t\t\t\t\t\t<div class=\"elementor-element elementor-element-a43a39c ob-has-background-overlay elementor-widget elementor-widget-image\" data-id=\"a43a39c\" data-element_type=\"widget\" data-e-type=\"widget\" data-settings=\"{&quot;_ob_photomorph_use&quot;:&quot;no&quot;,&quot;_ob_widget_stalker_use&quot;:&quot;no&quot;,&quot;_ob_poopart_use&quot;:&quot;yes&quot;,&quot;_ob_shadough_use&quot;:&quot;no&quot;,&quot;_ob_allow_hoveranimator&quot;:&quot;no&quot;}\" data-widget_type=\"image.default\">\n\t\t\t\t<div class=\"elementor-widget-container\">\n\t\t\t\t\t\t\t\t\t\t\t\t\t\t\t<img fetchpriority=\"high\" decoding=\"async\" width=\"800\" height=\"526\" src=\"https:\/\/conforms.com\/wp-content\/uploads\/2023\/05\/Rhino-Washout-News-1024x673.png\" class=\"attachment-large size-large wp-image-32046\" alt=\"\" srcset=\"https:\/\/conforms.com\/wp-content\/uploads\/2023\/05\/Rhino-Washout-News-1024x673.png 1024w, https:\/\/conforms.com\/wp-content\/uploads\/2023\/05\/Rhino-Washout-News-300x197.png 300w, https:\/\/conforms.com\/wp-content\/uploads\/2023\/05\/Rhino-Washout-News-768x505.png 768w, https:\/\/conforms.com\/wp-content\/uploads\/2023\/05\/Rhino-Washout-News-600x394.png 600w, https:\/\/conforms.com\/wp-content\/uploads\/2023\/05\/Rhino-Washout-News.png 1080w\" sizes=\"(max-width: 800px) 100vw, 800px\" \/>\t\t\t\t\t\t\t\t\t\t\t\t\t\t\t<\/div>\n\t\t\t\t<\/div>\n\t\t\t\t\t<\/div>\n\t\t<\/div>\n\t\t\t\t\t<\/div>\n\t\t<\/section>\n\t\t\t\t<section class=\"elementor-section elementor-top-section elementor-element elementor-element-dda350b elementor-section-boxed elementor-section-height-default elementor-section-height-default\" data-id=\"dda350b\" data-element_type=\"section\" data-e-type=\"section\" data-settings=\"{&quot;_ob_glider_is_slider&quot;:&quot;no&quot;}\">\n\t\t\t\t\t\t<div class=\"elementor-container elementor-column-gap-default\">\n\t\t\t\t\t<div class=\"elementor-column elementor-col-100 elementor-top-column elementor-element elementor-element-fa17c30\" data-id=\"fa17c30\" data-element_type=\"column\" data-e-type=\"column\" data-settings=\"{&quot;_ob_column_hoveranimator&quot;:&quot;no&quot;,&quot;_ob_column_has_pseudo&quot;:&quot;no&quot;}\">\n\t\t\t<div class=\"elementor-widget-wrap elementor-element-populated\">\n\t\t\t\t\t\t<div class=\"elementor-element elementor-element-3aac214 ob-harakiri-inherit ob-has-background-overlay elementor-widget elementor-widget-heading\" data-id=\"3aac214\" data-element_type=\"widget\" data-e-type=\"widget\" data-settings=\"{&quot;_ob_use_harakiri&quot;:&quot;yes&quot;,&quot;_ob_harakiri_writing_mode&quot;:&quot;inherit&quot;,&quot;_ob_harakiri_text_clip&quot;:&quot;none&quot;,&quot;_ob_widget_stalker_use&quot;:&quot;no&quot;,&quot;_ob_poopart_use&quot;:&quot;yes&quot;,&quot;_ob_shadough_use&quot;:&quot;no&quot;,&quot;_ob_allow_hoveranimator&quot;:&quot;no&quot;}\" data-widget_type=\"heading.default\">\n\t\t\t\t<div class=\"elementor-widget-container\">\n\t\t\t\t\t<h1 class=\"elementor-heading-title elementor-size-default\">COMPARAISON DE PRODUITS<\/h1>\t\t\t\t<\/div>\n\t\t\t\t<\/div>\n\t\t\t\t\t<\/div>\n\t\t<\/div>\n\t\t\t\t\t<\/div>\n\t\t<\/section>\n\t\t\t\t<section class=\"elementor-section elementor-top-section elementor-element elementor-element-fc3b458 elementor-section-boxed elementor-section-height-default elementor-section-height-default\" data-id=\"fc3b458\" data-element_type=\"section\" data-e-type=\"section\" data-settings=\"{&quot;_ob_glider_is_slider&quot;:&quot;no&quot;}\">\n\t\t\t\t\t\t<div class=\"elementor-container elementor-column-gap-default\">\n\t\t\t\t\t<div class=\"elementor-column elementor-col-50 elementor-top-column elementor-element elementor-element-e908c63\" data-id=\"e908c63\" data-element_type=\"column\" data-e-type=\"column\" data-settings=\"{&quot;_ob_column_hoveranimator&quot;:&quot;no&quot;,&quot;_ob_column_has_pseudo&quot;:&quot;no&quot;}\">\n\t\t\t<div class=\"elementor-widget-wrap\">\n\t\t\t\t\t\t\t<\/div>\n\t\t<\/div>\n\t\t\t\t<div class=\"elementor-column elementor-col-50 elementor-top-column elementor-element elementor-element-2dc0157\" data-id=\"2dc0157\" data-element_type=\"column\" data-e-type=\"column\" data-settings=\"{&quot;_ob_column_hoveranimator&quot;:&quot;no&quot;,&quot;_ob_column_has_pseudo&quot;:&quot;no&quot;}\">\n\t\t\t<div class=\"elementor-widget-wrap\">\n\t\t\t\t\t\t\t<\/div>\n\t\t<\/div>\n\t\t\t\t\t<\/div>\n\t\t<\/section>\n\t\t\t\t<section class=\"elementor-section elementor-top-section elementor-element elementor-element-20ea067 elementor-section-boxed elementor-section-height-default elementor-section-height-default\" data-id=\"20ea067\" data-element_type=\"section\" data-e-type=\"section\" data-settings=\"{&quot;_ob_glider_is_slider&quot;:&quot;no&quot;}\">\n\t\t\t\t\t\t<div class=\"elementor-container elementor-column-gap-default\">\n\t\t\t\t\t<div class=\"elementor-column elementor-col-100 elementor-top-column elementor-element elementor-element-eafc178\" data-id=\"eafc178\" data-element_type=\"column\" data-e-type=\"column\" data-settings=\"{&quot;_ob_column_hoveranimator&quot;:&quot;no&quot;,&quot;_ob_column_has_pseudo&quot;:&quot;no&quot;}\">\n\t\t\t<div class=\"elementor-widget-wrap elementor-element-populated\">\n\t\t\t\t\t\t<div class=\"elementor-element elementor-element-5793c89 ob-has-background-overlay elementor-widget elementor-widget-spacer\" data-id=\"5793c89\" data-element_type=\"widget\" data-e-type=\"widget\" data-settings=\"{&quot;_ob_spacerat_use&quot;:&quot;no&quot;,&quot;_ob_widget_stalker_use&quot;:&quot;no&quot;,&quot;_ob_poopart_use&quot;:&quot;yes&quot;,&quot;_ob_shadough_use&quot;:&quot;no&quot;,&quot;_ob_allow_hoveranimator&quot;:&quot;no&quot;}\" data-widget_type=\"spacer.default\">\n\t\t\t\t<div class=\"elementor-widget-container\">\n\t\t\t\t\t\t\t<div class=\"elementor-spacer\">\n\t\t\t<div class=\"elementor-spacer-inner\"><\/div>\n\t\t<\/div>\n\t\t\t\t\t\t<\/div>\n\t\t\t\t<\/div>\n\t\t\t\t\t<\/div>\n\t\t<\/div>\n\t\t\t\t\t<\/div>\n\t\t<\/section>\n\t\t\t\t<section class=\"elementor-section elementor-top-section elementor-element elementor-element-0734b96 elementor-section-boxed elementor-section-height-default elementor-section-height-default\" data-id=\"0734b96\" data-element_type=\"section\" data-e-type=\"section\" data-settings=\"{&quot;background_background&quot;:&quot;classic&quot;,&quot;_ob_glider_is_slider&quot;:&quot;no&quot;}\">\n\t\t\t\t\t\t<div class=\"elementor-container elementor-column-gap-default\">\n\t\t\t\t\t<div class=\"elementor-column elementor-col-100 elementor-top-column elementor-element elementor-element-4360777\" data-id=\"4360777\" data-element_type=\"column\" data-e-type=\"column\" data-settings=\"{&quot;_ob_column_hoveranimator&quot;:&quot;no&quot;,&quot;_ob_column_has_pseudo&quot;:&quot;no&quot;}\">\n\t\t\t<div class=\"elementor-widget-wrap elementor-element-populated\">\n\t\t\t\t\t\t<div class=\"elementor-element elementor-element-2ad74ed ob-harakiri-inherit ob-has-background-overlay elementor-widget elementor-widget-heading\" data-id=\"2ad74ed\" data-element_type=\"widget\" data-e-type=\"widget\" data-settings=\"{&quot;_ob_use_harakiri&quot;:&quot;yes&quot;,&quot;_ob_harakiri_writing_mode&quot;:&quot;inherit&quot;,&quot;_ob_harakiri_text_clip&quot;:&quot;none&quot;,&quot;_ob_widget_stalker_use&quot;:&quot;no&quot;,&quot;_ob_poopart_use&quot;:&quot;yes&quot;,&quot;_ob_shadough_use&quot;:&quot;no&quot;,&quot;_ob_allow_hoveranimator&quot;:&quot;no&quot;}\" data-widget_type=\"heading.default\">\n\t\t\t\t<div class=\"elementor-widget-container\">\n\t\t\t\t\t<h2 class=\"elementor-heading-title elementor-size-default\">\u00c9CONOMIES EN GROS DISPONIBLES. <br>CONTACTEZ-NOUS OU VOTRE REVENDEUR LOCAL POUR COMMANDER.<\/h2>\t\t\t\t<\/div>\n\t\t\t\t<\/div>\n\t\t\t\t<div class=\"elementor-element elementor-element-7598383 elementor-widget-divider--view-line ob-has-background-overlay elementor-widget elementor-widget-divider\" data-id=\"7598383\" data-element_type=\"widget\" data-e-type=\"widget\" data-settings=\"{&quot;_ob_widget_stalker_use&quot;:&quot;no&quot;,&quot;_ob_poopart_use&quot;:&quot;yes&quot;,&quot;_ob_shadough_use&quot;:&quot;no&quot;,&quot;_ob_allow_hoveranimator&quot;:&quot;no&quot;}\" data-widget_type=\"divider.default\">\n\t\t\t\t<div class=\"elementor-widget-container\">\n\t\t\t\t\t\t\t<div class=\"elementor-divider\">\n\t\t\t<span class=\"elementor-divider-separator\">\n\t\t\t\t\t\t<\/span>\n\t\t<\/div>\n\t\t\t\t\t\t<\/div>\n\t\t\t\t<\/div>\n\t\t\t\t<div class=\"elementor-element elementor-element-5954de0 elementor-align-center ob-has-background-overlay elementor-widget elementor-widget-button\" data-id=\"5954de0\" data-element_type=\"widget\" data-e-type=\"widget\" data-settings=\"{&quot;_ob_butterbutton_use_it&quot;:&quot;no&quot;,&quot;_ob_widget_stalker_use&quot;:&quot;no&quot;,&quot;_ob_poopart_use&quot;:&quot;yes&quot;,&quot;_ob_shadough_use&quot;:&quot;no&quot;,&quot;_ob_allow_hoveranimator&quot;:&quot;no&quot;}\" data-widget_type=\"button.default\">\n\t\t\t\t<div class=\"elementor-widget-container\">\n\t\t\t\t\t\t\t\t\t<div class=\"elementor-button-wrapper\">\n\t\t\t\t\t<a class=\"elementor-button elementor-button-link elementor-size-sm\" href=\"\/contact\/\">\n\t\t\t\t\t\t<span class=\"elementor-button-content-wrapper\">\n\t\t\t\t\t\t<span class=\"elementor-button-icon\">\n\t\t\t\t<i aria-hidden=\"true\" class=\"fas fa-arrow-right\"><\/i>\t\t\t<\/span>\n\t\t\t\t\t\t\t\t\t<span class=\"elementor-button-text\">CLIQUEZ ICI<\/span>\n\t\t\t\t\t<\/span>\n\t\t\t\t\t<\/a>\n\t\t\t\t<\/div>\n\t\t\t\t\t\t\t\t<\/div>\n\t\t\t\t<\/div>\n\t\t\t\t\t<\/div>\n\t\t<\/div>\n\t\t\t\t\t<\/div>\n\t\t<\/section>\n\t\t\t\t<\/div>","protected":false},"excerpt":{"rendered":"<p>CON FORMS &amp; RHINO WASHOUT Concrete Washout Containment &#8211; The Best of Both Worlds No job is complete until your equipment is thoroughly cleaned and the waste materials are properly contained. Commonly used containment receptacles include reusable steel pans, which are heavy, flimsy cardboard containers, or unmanageable fabric bags. Each option has pros and cons, [&hellip;]<\/p>\n","protected":false},"author":1,"featured_media":0,"parent":0,"menu_order":0,"comment_status":"closed","ping_status":"closed","template":"","meta":{"_uf_show_specific_survey":0,"_uf_disable_surveys":false,"footnotes":""},"class_list":["post-32035","page","type-page","status-publish","hentry"],"yoast_head":"<!-- This site is optimized with the Yoast SEO Premium plugin v27.4 (Yoast SEO v27.4) - https:\/\/yoast.com\/product\/yoast-seo-premium-wordpress\/ -->\n<title>Rhino Washout - Con Forms<\/title>\n<meta name=\"description\" content=\"Rhino Washout by Con Forms offers durable, all-weather concrete washout solutions that are EPA compliant, reusable, and easy to transport and store.\" \/>\n<meta name=\"robots\" content=\"index, follow, max-snippet:-1, max-image-preview:large, max-video-preview:-1\" \/>\n<link rel=\"canonical\" href=\"https:\/\/conforms.com\/fr\/lavage-de-rhinoceros\/\" \/>\n<meta property=\"og:locale\" content=\"fr_CA\" \/>\n<meta property=\"og:type\" content=\"article\" \/>\n<meta property=\"og:title\" content=\"Rhino Washout\" \/>\n<meta property=\"og:description\" content=\"Rhino Washout by Con Forms offers durable, all-weather concrete washout solutions that are EPA compliant, reusable, and easy to transport and store.\" \/>\n<meta property=\"og:url\" content=\"https:\/\/conforms.com\/fr\/lavage-de-rhinoceros\/\" \/>\n<meta property=\"og:site_name\" content=\"Conforms\" \/>\n<meta property=\"article:modified_time\" content=\"2024-12-04T21:52:23+00:00\" \/>\n<meta property=\"og:image\" content=\"https:\/\/conforms.com\/wp-content\/uploads\/2023\/05\/Rhino-Washout-News-1024x673.png\" \/>\n<meta name=\"twitter:card\" content=\"summary_large_image\" \/>\n<meta name=\"twitter:label1\" content=\"Estimation du temps de lecture\" \/>\n\t<meta name=\"twitter:data1\" content=\"2 minutes\" \/>\n<script type=\"application\/ld+json\" class=\"yoast-schema-graph\">{\"@context\":\"https:\\\/\\\/schema.org\",\"@graph\":[{\"@type\":\"WebPage\",\"@id\":\"https:\\\/\\\/conforms.com\\\/rhino-washout\\\/\",\"url\":\"https:\\\/\\\/conforms.com\\\/rhino-washout\\\/\",\"name\":\"Rhino Washout - Con Forms\",\"isPartOf\":{\"@id\":\"https:\\\/\\\/conforms.com\\\/#website\"},\"primaryImageOfPage\":{\"@id\":\"https:\\\/\\\/conforms.com\\\/rhino-washout\\\/#primaryimage\"},\"image\":{\"@id\":\"https:\\\/\\\/conforms.com\\\/rhino-washout\\\/#primaryimage\"},\"thumbnailUrl\":\"https:\\\/\\\/conforms.com\\\/wp-content\\\/uploads\\\/2023\\\/05\\\/Rhino-Washout-News-1024x673.png\",\"datePublished\":\"2023-05-16T18:26:32+00:00\",\"dateModified\":\"2024-12-04T21:52:23+00:00\",\"description\":\"Rhino Washout by Con Forms offers durable, all-weather concrete washout solutions that are EPA compliant, reusable, and easy to transport and store.\",\"breadcrumb\":{\"@id\":\"https:\\\/\\\/conforms.com\\\/rhino-washout\\\/#breadcrumb\"},\"inLanguage\":\"fr-CA\",\"potentialAction\":[{\"@type\":\"ReadAction\",\"target\":[\"https:\\\/\\\/conforms.com\\\/rhino-washout\\\/\"]}]},{\"@type\":\"ImageObject\",\"inLanguage\":\"fr-CA\",\"@id\":\"https:\\\/\\\/conforms.com\\\/rhino-washout\\\/#primaryimage\",\"url\":\"https:\\\/\\\/conforms.com\\\/wp-content\\\/uploads\\\/2023\\\/05\\\/Rhino-Washout-News-1024x673.png\",\"contentUrl\":\"https:\\\/\\\/conforms.com\\\/wp-content\\\/uploads\\\/2023\\\/05\\\/Rhino-Washout-News-1024x673.png\"},{\"@type\":\"BreadcrumbList\",\"@id\":\"https:\\\/\\\/conforms.com\\\/rhino-washout\\\/#breadcrumb\",\"itemListElement\":[{\"@type\":\"ListItem\",\"position\":1,\"name\":\"Home\",\"item\":\"https:\\\/\\\/conforms.com\\\/\"},{\"@type\":\"ListItem\",\"position\":2,\"name\":\"Rhino Washout\"}]},{\"@type\":\"WebSite\",\"@id\":\"https:\\\/\\\/conforms.com\\\/#website\",\"url\":\"https:\\\/\\\/conforms.com\\\/\",\"name\":\"Conforms\",\"description\":\"Concrete Pumping Pipe Manufacturer\",\"publisher\":{\"@id\":\"https:\\\/\\\/conforms.com\\\/#organization\"},\"potentialAction\":[{\"@type\":\"SearchAction\",\"target\":{\"@type\":\"EntryPoint\",\"urlTemplate\":\"https:\\\/\\\/conforms.com\\\/?s={search_term_string}\"},\"query-input\":{\"@type\":\"PropertyValueSpecification\",\"valueRequired\":true,\"valueName\":\"search_term_string\"}}],\"inLanguage\":\"fr-CA\"},{\"@type\":\"Organization\",\"@id\":\"https:\\\/\\\/conforms.com\\\/#organization\",\"name\":\"Conforms\",\"url\":\"https:\\\/\\\/conforms.com\\\/\",\"logo\":{\"@type\":\"ImageObject\",\"inLanguage\":\"fr-CA\",\"@id\":\"https:\\\/\\\/conforms.com\\\/#\\\/schema\\\/logo\\\/image\\\/\",\"url\":\"https:\\\/\\\/conforms.com\\\/wp-content\\\/uploads\\\/2022\\\/01\\\/Con-Forms-Header-Logo.png\",\"contentUrl\":\"https:\\\/\\\/conforms.com\\\/wp-content\\\/uploads\\\/2022\\\/01\\\/Con-Forms-Header-Logo.png\",\"width\":3136,\"height\":592,\"caption\":\"Conforms\"},\"image\":{\"@id\":\"https:\\\/\\\/conforms.com\\\/#\\\/schema\\\/logo\\\/image\\\/\"}}]}<\/script>\n<!-- \/ Yoast SEO Premium plugin. -->","yoast_head_json":{"title":"Rhino Washout - Con Forms","description":"Rhino Washout by Con Forms offers durable, all-weather concrete washout solutions that are EPA compliant, reusable, and easy to transport and store.","robots":{"index":"index","follow":"follow","max-snippet":"max-snippet:-1","max-image-preview":"max-image-preview:large","max-video-preview":"max-video-preview:-1"},"canonical":"https:\/\/conforms.com\/fr\/lavage-de-rhinoceros\/","og_locale":"fr_CA","og_type":"article","og_title":"Rhino Washout","og_description":"Rhino Washout by Con Forms offers durable, all-weather concrete washout solutions that are EPA compliant, reusable, and easy to transport and store.","og_url":"https:\/\/conforms.com\/fr\/lavage-de-rhinoceros\/","og_site_name":"Conforms","article_modified_time":"2024-12-04T21:52:23+00:00","og_image":[{"url":"https:\/\/conforms.com\/wp-content\/uploads\/2023\/05\/Rhino-Washout-News-1024x673.png","type":"","width":"","height":""}],"twitter_card":"summary_large_image","twitter_misc":{"Estimation du temps de lecture":"2 minutes"},"schema":{"@context":"https:\/\/schema.org","@graph":[{"@type":"WebPage","@id":"https:\/\/conforms.com\/rhino-washout\/","url":"https:\/\/conforms.com\/rhino-washout\/","name":"Rhino Washout - Con Forms","isPartOf":{"@id":"https:\/\/conforms.com\/#website"},"primaryImageOfPage":{"@id":"https:\/\/conforms.com\/rhino-washout\/#primaryimage"},"image":{"@id":"https:\/\/conforms.com\/rhino-washout\/#primaryimage"},"thumbnailUrl":"https:\/\/conforms.com\/wp-content\/uploads\/2023\/05\/Rhino-Washout-News-1024x673.png","datePublished":"2023-05-16T18:26:32+00:00","dateModified":"2024-12-04T21:52:23+00:00","description":"Rhino Washout by Con Forms offers durable, all-weather concrete washout solutions that are EPA compliant, reusable, and easy to transport and store.","breadcrumb":{"@id":"https:\/\/conforms.com\/rhino-washout\/#breadcrumb"},"inLanguage":"fr-CA","potentialAction":[{"@type":"ReadAction","target":["https:\/\/conforms.com\/rhino-washout\/"]}]},{"@type":"ImageObject","inLanguage":"fr-CA","@id":"https:\/\/conforms.com\/rhino-washout\/#primaryimage","url":"https:\/\/conforms.com\/wp-content\/uploads\/2023\/05\/Rhino-Washout-News-1024x673.png","contentUrl":"https:\/\/conforms.com\/wp-content\/uploads\/2023\/05\/Rhino-Washout-News-1024x673.png"},{"@type":"BreadcrumbList","@id":"https:\/\/conforms.com\/rhino-washout\/#breadcrumb","itemListElement":[{"@type":"ListItem","position":1,"name":"Home","item":"https:\/\/conforms.com\/"},{"@type":"ListItem","position":2,"name":"Rhino Washout"}]},{"@type":"WebSite","@id":"https:\/\/conforms.com\/#website","url":"https:\/\/conforms.com\/","name":"Conforme","description":"Fabricant de tuyaux de pompage de b\u00e9ton","publisher":{"@id":"https:\/\/conforms.com\/#organization"},"potentialAction":[{"@type":"SearchAction","target":{"@type":"EntryPoint","urlTemplate":"https:\/\/conforms.com\/?s={search_term_string}"},"query-input":{"@type":"PropertyValueSpecification","valueRequired":true,"valueName":"search_term_string"}}],"inLanguage":"fr-CA"},{"@type":"Organization","@id":"https:\/\/conforms.com\/#organization","name":"Conforme","url":"https:\/\/conforms.com\/","logo":{"@type":"ImageObject","inLanguage":"fr-CA","@id":"https:\/\/conforms.com\/#\/schema\/logo\/image\/","url":"https:\/\/conforms.com\/wp-content\/uploads\/2022\/01\/Con-Forms-Header-Logo.png","contentUrl":"https:\/\/conforms.com\/wp-content\/uploads\/2022\/01\/Con-Forms-Header-Logo.png","width":3136,"height":592,"caption":"Conforms"},"image":{"@id":"https:\/\/conforms.com\/#\/schema\/logo\/image\/"}}]}},"_links":{"self":[{"href":"https:\/\/conforms.com\/fr\/wp-json\/wp\/v2\/pages\/32035","targetHints":{"allow":["GET"]}}],"collection":[{"href":"https:\/\/conforms.com\/fr\/wp-json\/wp\/v2\/pages"}],"about":[{"href":"https:\/\/conforms.com\/fr\/wp-json\/wp\/v2\/types\/page"}],"author":[{"embeddable":true,"href":"https:\/\/conforms.com\/fr\/wp-json\/wp\/v2\/users\/1"}],"replies":[{"embeddable":true,"href":"https:\/\/conforms.com\/fr\/wp-json\/wp\/v2\/comments?post=32035"}],"version-history":[{"count":34,"href":"https:\/\/conforms.com\/fr\/wp-json\/wp\/v2\/pages\/32035\/revisions"}],"predecessor-version":[{"id":34609,"href":"https:\/\/conforms.com\/fr\/wp-json\/wp\/v2\/pages\/32035\/revisions\/34609"}],"wp:attachment":[{"href":"https:\/\/conforms.com\/fr\/wp-json\/wp\/v2\/media?parent=32035"}],"curies":[{"name":"wp","href":"https:\/\/api.w.org\/{rel}","templated":true}]}}