{"id":34441,"date":"2024-03-29T12:35:15","date_gmt":"2024-03-29T17:35:15","guid":{"rendered":"https:\/\/conforms.com\/?page_id=34441"},"modified":"2024-04-17T14:53:48","modified_gmt":"2024-04-17T19:53:48","slug":"promocion-primavera-2024","status":"publish","type":"page","link":"https:\/\/conforms.com\/es\/spring-promotion-2024\/","title":{"rendered":"PROMOCI\u00d3N PRIMAVERA 2024"},"content":{"rendered":"<div data-elementor-type=\"wp-page\" data-elementor-id=\"34441\" class=\"elementor elementor-34441\" data-elementor-post-type=\"page\">\n\t\t\t\t\t\t<section class=\"elementor-section elementor-top-section elementor-element elementor-element-d231c6f elementor-section-full_width elementor-section-height-default elementor-section-height-default\" data-id=\"d231c6f\" data-element_type=\"section\" data-e-type=\"section\" data-settings=\"{&quot;background_background&quot;:&quot;classic&quot;,&quot;_ob_glider_is_slider&quot;:&quot;no&quot;}\">\n\t\t\t\t\t\t<div class=\"elementor-container elementor-column-gap-default\">\n\t\t\t\t\t<div class=\"elementor-column elementor-col-100 elementor-top-column elementor-element elementor-element-ff1349c\" data-id=\"ff1349c\" data-element_type=\"column\" data-e-type=\"column\" data-settings=\"{&quot;_ob_column_hoveranimator&quot;:&quot;no&quot;,&quot;_ob_column_has_pseudo&quot;:&quot;no&quot;}\">\n\t\t\t<div class=\"elementor-widget-wrap elementor-element-populated\">\n\t\t\t\t\t\t<div class=\"elementor-element elementor-element-dcfd9af ob-harakiri-inherit ob-has-background-overlay elementor-widget elementor-widget-text-editor\" data-id=\"dcfd9af\" data-element_type=\"widget\" data-e-type=\"widget\" data-settings=\"{&quot;_ob_use_harakiri&quot;:&quot;yes&quot;,&quot;_ob_harakiri_writing_mode&quot;:&quot;inherit&quot;,&quot;_ob_postman_use&quot;:&quot;no&quot;,&quot;_ob_widget_stalker_use&quot;:&quot;no&quot;,&quot;_ob_poopart_use&quot;:&quot;yes&quot;,&quot;_ob_shadough_use&quot;:&quot;no&quot;,&quot;_ob_allow_hoveranimator&quot;:&quot;no&quot;}\" data-widget_type=\"text-editor.default\">\n\t\t\t\t<div class=\"elementor-widget-container\">\n\t\t\t\t\t\t\t\t\t<p><strong>OFERTAS POR TIEMPO LIMITADO<\/strong><\/p>\t\t\t\t\t\t\t\t<\/div>\n\t\t\t\t<\/div>\n\t\t\t\t\t<\/div>\n\t\t<\/div>\n\t\t\t\t\t<\/div>\n\t\t<\/section>\n\t\t\t\t<section class=\"elementor-section elementor-top-section elementor-element elementor-element-02d9a19 elementor-section-full_width elementor-section-height-default elementor-section-height-default\" data-id=\"02d9a19\" data-element_type=\"section\" data-e-type=\"section\" data-settings=\"{&quot;background_background&quot;:&quot;classic&quot;,&quot;_ob_glider_is_slider&quot;:&quot;no&quot;}\">\n\t\t\t\t\t\t<div class=\"elementor-container elementor-column-gap-default\">\n\t\t\t\t\t<div class=\"elementor-column elementor-col-100 elementor-top-column elementor-element elementor-element-a40c1a6\" data-id=\"a40c1a6\" data-element_type=\"column\" data-e-type=\"column\" data-settings=\"{&quot;_ob_column_hoveranimator&quot;:&quot;no&quot;,&quot;_ob_column_has_pseudo&quot;:&quot;no&quot;}\">\n\t\t\t<div class=\"elementor-widget-wrap elementor-element-populated\">\n\t\t\t\t\t\t<div class=\"elementor-element elementor-element-8941461 elementor-align-center ob-has-background-overlay elementor-widget elementor-widget-button\" data-id=\"8941461\" data-element_type=\"widget\" data-e-type=\"widget\" data-settings=\"{&quot;_ob_butterbutton_use_it&quot;:&quot;no&quot;,&quot;_ob_widget_stalker_use&quot;:&quot;no&quot;,&quot;_ob_poopart_use&quot;:&quot;yes&quot;,&quot;_ob_shadough_use&quot;:&quot;no&quot;,&quot;_ob_allow_hoveranimator&quot;:&quot;no&quot;}\" data-widget_type=\"button.default\">\n\t\t\t\t<div class=\"elementor-widget-container\">\n\t\t\t\t\t\t\t\t\t<div class=\"elementor-button-wrapper\">\n\t\t\t\t\t<a class=\"elementor-button elementor-button-link elementor-size-sm\" href=\"https:\/\/catalogs.conforms.com\/view\/106161608\/\" target=\"_blank\">\n\t\t\t\t\t\t<span class=\"elementor-button-content-wrapper\">\n\t\t\t\t\t\t\t\t\t<span class=\"elementor-button-text\">VER VOLANTE<\/span>\n\t\t\t\t\t<\/span>\n\t\t\t\t\t<\/a>\n\t\t\t\t<\/div>\n\t\t\t\t\t\t\t\t<\/div>\n\t\t\t\t<\/div>\n\t\t\t\t\t<\/div>\n\t\t<\/div>\n\t\t\t\t\t<\/div>\n\t\t<\/section>\n\t\t\t\t<section class=\"elementor-section elementor-top-section elementor-element elementor-element-a3da0da elementor-section-boxed elementor-section-height-default elementor-section-height-default\" data-id=\"a3da0da\" data-element_type=\"section\" data-e-type=\"section\" data-settings=\"{&quot;_ob_glider_is_slider&quot;:&quot;no&quot;}\">\n\t\t\t\t\t\t<div class=\"elementor-container elementor-column-gap-default\">\n\t\t\t\t\t<div class=\"elementor-column elementor-col-50 elementor-top-column elementor-element elementor-element-df46d05\" data-id=\"df46d05\" data-element_type=\"column\" data-e-type=\"column\" data-settings=\"{&quot;_ob_column_hoveranimator&quot;:&quot;no&quot;,&quot;_ob_column_has_pseudo&quot;:&quot;no&quot;}\">\n\t\t\t<div class=\"elementor-widget-wrap elementor-element-populated\">\n\t\t\t\t\t\t<div class=\"elementor-element elementor-element-ae6157b ob-has-background-overlay elementor-widget elementor-widget-image\" data-id=\"ae6157b\" data-element_type=\"widget\" data-e-type=\"widget\" data-settings=\"{&quot;_ob_photomorph_use&quot;:&quot;no&quot;,&quot;_ob_widget_stalker_use&quot;:&quot;no&quot;,&quot;_ob_poopart_use&quot;:&quot;yes&quot;,&quot;_ob_shadough_use&quot;:&quot;no&quot;,&quot;_ob_allow_hoveranimator&quot;:&quot;no&quot;}\" data-widget_type=\"image.default\">\n\t\t\t\t<div class=\"elementor-widget-container\">\n\t\t\t\t\t\t\t\t\t\t\t\t\t\t\t<img fetchpriority=\"high\" decoding=\"async\" width=\"800\" height=\"800\" src=\"https:\/\/conforms.com\/wp-content\/uploads\/2024\/03\/2-1024x1024.png\" class=\"attachment-large size-large wp-image-34443\" alt=\"\" srcset=\"https:\/\/conforms.com\/wp-content\/uploads\/2024\/03\/2-1024x1024.png 1024w, https:\/\/conforms.com\/wp-content\/uploads\/2024\/03\/2-300x300.png 300w, https:\/\/conforms.com\/wp-content\/uploads\/2024\/03\/2-150x150.png 150w, https:\/\/conforms.com\/wp-content\/uploads\/2024\/03\/2-768x768.png 768w, https:\/\/conforms.com\/wp-content\/uploads\/2024\/03\/2-12x12.png 12w, https:\/\/conforms.com\/wp-content\/uploads\/2024\/03\/2.png 1080w\" sizes=\"(max-width: 800px) 100vw, 800px\" \/>\t\t\t\t\t\t\t\t\t\t\t\t\t\t\t<\/div>\n\t\t\t\t<\/div>\n\t\t\t\t<div class=\"elementor-element elementor-element-0ee449d ob-harakiri-inherit ob-has-background-overlay elementor-widget elementor-widget-heading\" data-id=\"0ee449d\" data-element_type=\"widget\" data-e-type=\"widget\" data-settings=\"{&quot;_ob_use_harakiri&quot;:&quot;yes&quot;,&quot;_ob_harakiri_writing_mode&quot;:&quot;inherit&quot;,&quot;_ob_harakiri_text_clip&quot;:&quot;none&quot;,&quot;_ob_widget_stalker_use&quot;:&quot;no&quot;,&quot;_ob_poopart_use&quot;:&quot;yes&quot;,&quot;_ob_shadough_use&quot;:&quot;no&quot;,&quot;_ob_allow_hoveranimator&quot;:&quot;no&quot;}\" data-widget_type=\"heading.default\">\n\t\t\t\t<div class=\"elementor-widget-container\">\n\t\t\t\t\t<h1 class=\"elementor-heading-title elementor-size-default\">$500 DESCUENTO EN CUALQUIER KIT DE PLUMA VENTAJA<\/h1>\t\t\t\t<\/div>\n\t\t\t\t<\/div>\n\t\t\t\t<div class=\"elementor-element elementor-element-dae325e ob-harakiri-inherit ob-has-background-overlay elementor-widget elementor-widget-text-editor\" data-id=\"dae325e\" data-element_type=\"widget\" data-e-type=\"widget\" data-settings=\"{&quot;_ob_use_harakiri&quot;:&quot;yes&quot;,&quot;_ob_harakiri_writing_mode&quot;:&quot;inherit&quot;,&quot;_ob_postman_use&quot;:&quot;no&quot;,&quot;_ob_widget_stalker_use&quot;:&quot;no&quot;,&quot;_ob_poopart_use&quot;:&quot;yes&quot;,&quot;_ob_shadough_use&quot;:&quot;no&quot;,&quot;_ob_allow_hoveranimator&quot;:&quot;no&quot;}\" data-widget_type=\"text-editor.default\">\n\t\t\t\t<div class=\"elementor-widget-container\">\n\t\t\t\t\t\t\t\t\t<ul><li>Tama\u00f1o del sistema 4.8<\/li><li>Los pedidos de kits de pluma deben incluir una variedad m\u00ednima de tubos de pluma y\/o tubos y codos de plataforma.<\/li><li>Pedido m\u00ednimo del kit Advantage Boom $6,000 antes del descuento<\/li><li>La oferta finaliza el 30\/06\/24<\/li><\/ul><div>\u00a0<\/div><div><p class=\"cvGsUA direction-ltr align-start para-style-body\"><strong><span class=\"OYPEnA text-decoration-none text-strikethrough-none\">ADEM\u00c1S, UNA ACTUALIZACI\u00d3N GRATUITA PARA APROVECHAR LOS CODOS REVESTIDOS POR CCI<\/span><\/strong><\/p><p class=\"cvGsUA direction-ltr align-start para-style-body\"><strong><span class=\"OYPEnA text-decoration-none text-strikethrough-none\">Las opciones de actualizaci\u00f3n incluyen los siguientes codos comunes:<\/span><\/strong><\/p><ul><li>260M09166 (90\u00b0 est\u00e1ndar)<\/li><li>260M10491 (45\u00b0)<\/li><li>260M11158 (radio corto de 90\u00b0)<\/li><li>260M11753 (32,5\u00b0)<\/li><li>260M20359 (45\u00b0 con tangente)<\/li><\/ul><\/div>\t\t\t\t\t\t\t\t<\/div>\n\t\t\t\t<\/div>\n\t\t\t\t<div class=\"elementor-element elementor-element-a2d1ff5 ob-has-background-overlay elementor-widget elementor-widget-button\" data-id=\"a2d1ff5\" data-element_type=\"widget\" data-e-type=\"widget\" data-settings=\"{&quot;_ob_butterbutton_use_it&quot;:&quot;no&quot;,&quot;_ob_widget_stalker_use&quot;:&quot;no&quot;,&quot;_ob_poopart_use&quot;:&quot;yes&quot;,&quot;_ob_shadough_use&quot;:&quot;no&quot;,&quot;_ob_allow_hoveranimator&quot;:&quot;no&quot;}\" data-widget_type=\"button.default\">\n\t\t\t\t<div class=\"elementor-widget-container\">\n\t\t\t\t\t\t\t\t\t<div class=\"elementor-button-wrapper\">\n\t\t\t\t\t<a class=\"elementor-button elementor-button-link elementor-size-sm\" href=\"https:\/\/conforms.com\/boom-kits\/advantage-2\/\" target=\"_blank\">\n\t\t\t\t\t\t<span class=\"elementor-button-content-wrapper\">\n\t\t\t\t\t\t\t\t\t<span class=\"elementor-button-text\">VER KITS DE PLUMA ADVANTAGE <\/span>\n\t\t\t\t\t<\/span>\n\t\t\t\t\t<\/a>\n\t\t\t\t<\/div>\n\t\t\t\t\t\t\t\t<\/div>\n\t\t\t\t<\/div>\n\t\t\t\t\t<\/div>\n\t\t<\/div>\n\t\t\t\t<div class=\"elementor-column elementor-col-50 elementor-top-column elementor-element elementor-element-f5fe356\" data-id=\"f5fe356\" data-element_type=\"column\" data-e-type=\"column\" data-settings=\"{&quot;_ob_column_hoveranimator&quot;:&quot;no&quot;,&quot;_ob_column_has_pseudo&quot;:&quot;no&quot;}\">\n\t\t\t<div class=\"elementor-widget-wrap elementor-element-populated\">\n\t\t\t\t\t\t<div class=\"elementor-element elementor-element-e5d6728 ob-has-background-overlay elementor-widget elementor-widget-image\" data-id=\"e5d6728\" data-element_type=\"widget\" data-e-type=\"widget\" data-settings=\"{&quot;_ob_photomorph_use&quot;:&quot;no&quot;,&quot;_ob_widget_stalker_use&quot;:&quot;no&quot;,&quot;_ob_poopart_use&quot;:&quot;yes&quot;,&quot;_ob_shadough_use&quot;:&quot;no&quot;,&quot;_ob_allow_hoveranimator&quot;:&quot;no&quot;}\" data-widget_type=\"image.default\">\n\t\t\t\t<div class=\"elementor-widget-container\">\n\t\t\t\t\t\t\t\t\t\t\t\t\t\t\t<img decoding=\"async\" width=\"800\" height=\"800\" src=\"https:\/\/conforms.com\/wp-content\/uploads\/2024\/03\/3-1024x1024.png\" class=\"attachment-large size-large wp-image-34444\" alt=\"\" srcset=\"https:\/\/conforms.com\/wp-content\/uploads\/2024\/03\/3-1024x1024.png 1024w, https:\/\/conforms.com\/wp-content\/uploads\/2024\/03\/3-300x300.png 300w, https:\/\/conforms.com\/wp-content\/uploads\/2024\/03\/3-150x150.png 150w, https:\/\/conforms.com\/wp-content\/uploads\/2024\/03\/3-768x768.png 768w, https:\/\/conforms.com\/wp-content\/uploads\/2024\/03\/3-12x12.png 12w, https:\/\/conforms.com\/wp-content\/uploads\/2024\/03\/3.png 1080w\" sizes=\"(max-width: 800px) 100vw, 800px\" \/>\t\t\t\t\t\t\t\t\t\t\t\t\t\t\t<\/div>\n\t\t\t\t<\/div>\n\t\t\t\t<div class=\"elementor-element elementor-element-d544430 ob-harakiri-inherit ob-has-background-overlay elementor-widget elementor-widget-heading\" data-id=\"d544430\" data-element_type=\"widget\" data-e-type=\"widget\" data-settings=\"{&quot;_ob_use_harakiri&quot;:&quot;yes&quot;,&quot;_ob_harakiri_writing_mode&quot;:&quot;inherit&quot;,&quot;_ob_harakiri_text_clip&quot;:&quot;none&quot;,&quot;_ob_widget_stalker_use&quot;:&quot;no&quot;,&quot;_ob_poopart_use&quot;:&quot;yes&quot;,&quot;_ob_shadough_use&quot;:&quot;no&quot;,&quot;_ob_allow_hoveranimator&quot;:&quot;no&quot;}\" data-widget_type=\"heading.default\">\n\t\t\t\t<div class=\"elementor-widget-container\">\n\t\t\t\t\t<h2 class=\"elementor-heading-title elementor-size-default\">COMPRE DOS MANGUERAS DE TELA DE 3&quot;, \u00a1OBTENGA UNA GRATIS! \u00a1CUALQUIER LONGITUD SE APLICA!<\/h2>\t\t\t\t<\/div>\n\t\t\t\t<\/div>\n\t\t\t\t<div class=\"elementor-element elementor-element-8ee5fe0 ob-harakiri-inherit ob-has-background-overlay elementor-widget elementor-widget-text-editor\" data-id=\"8ee5fe0\" data-element_type=\"widget\" data-e-type=\"widget\" data-settings=\"{&quot;_ob_use_harakiri&quot;:&quot;yes&quot;,&quot;_ob_harakiri_writing_mode&quot;:&quot;inherit&quot;,&quot;_ob_postman_use&quot;:&quot;no&quot;,&quot;_ob_widget_stalker_use&quot;:&quot;no&quot;,&quot;_ob_poopart_use&quot;:&quot;yes&quot;,&quot;_ob_shadough_use&quot;:&quot;no&quot;,&quot;_ob_allow_hoveranimator&quot;:&quot;no&quot;}\" data-widget_type=\"text-editor.default\">\n\t\t\t\t<div class=\"elementor-widget-container\">\n\t\t\t\t\t\t\t\t\t<ul><li>Material: tela<\/li><li>Tama\u00f1o del sistema: 3\u2033<\/li><li>Presi\u00f3n de trabajo: 85 bar<\/li><li>Clasificaci\u00f3n de presi\u00f3n de explosi\u00f3n: 170 bar<\/li><\/ul><div>\u00a0<\/div><div>\u00a0<\/div><div><strong><span class=\"OYPEnA text-decoration-none text-strikethrough-none\">\u00a1NO TE PIERDAS NUESTRA ESPECIAL MANGUERA CADDY!<\/span><\/strong><\/div><div>\u00a0<\/div><div><ul><li>12 piezas por el precio de 9<\/li><li>24 piezas por el precio de 18<\/li><li>36 piezas por el precio de 27<\/li><\/ul><\/div>\t\t\t\t\t\t\t\t<\/div>\n\t\t\t\t<\/div>\n\t\t\t\t<div class=\"elementor-element elementor-element-d91870a ob-has-background-overlay elementor-widget elementor-widget-button\" data-id=\"d91870a\" data-element_type=\"widget\" data-e-type=\"widget\" data-settings=\"{&quot;_ob_butterbutton_use_it&quot;:&quot;no&quot;,&quot;_ob_widget_stalker_use&quot;:&quot;no&quot;,&quot;_ob_poopart_use&quot;:&quot;yes&quot;,&quot;_ob_shadough_use&quot;:&quot;no&quot;,&quot;_ob_allow_hoveranimator&quot;:&quot;no&quot;}\" data-widget_type=\"button.default\">\n\t\t\t\t<div class=\"elementor-widget-container\">\n\t\t\t\t\t\t\t\t\t<div class=\"elementor-button-wrapper\">\n\t\t\t\t\t<a class=\"elementor-button elementor-button-link elementor-size-sm\" href=\"https:\/\/catalogs.conforms.com\/view\/1004632761\/23\" target=\"_blank\">\n\t\t\t\t\t\t<span class=\"elementor-button-content-wrapper\">\n\t\t\t\t\t\t\t\t\t<span class=\"elementor-button-text\">VER MANGUERAS<\/span>\n\t\t\t\t\t<\/span>\n\t\t\t\t\t<\/a>\n\t\t\t\t<\/div>\n\t\t\t\t\t\t\t\t<\/div>\n\t\t\t\t<\/div>\n\t\t\t\t\t<\/div>\n\t\t<\/div>\n\t\t\t\t\t<\/div>\n\t\t<\/section>\n\t\t\t\t<section class=\"elementor-section elementor-top-section elementor-element elementor-element-9e1009b elementor-section-full_width elementor-section-height-default elementor-section-height-default\" data-id=\"9e1009b\" data-element_type=\"section\" data-e-type=\"section\" data-settings=\"{&quot;background_background&quot;:&quot;classic&quot;,&quot;_ob_glider_is_slider&quot;:&quot;no&quot;}\">\n\t\t\t\t\t\t<div class=\"elementor-container elementor-column-gap-default\">\n\t\t\t\t\t<div class=\"elementor-column elementor-col-100 elementor-top-column elementor-element elementor-element-e84f019\" data-id=\"e84f019\" data-element_type=\"column\" data-e-type=\"column\" data-settings=\"{&quot;_ob_column_hoveranimator&quot;:&quot;no&quot;,&quot;_ob_column_has_pseudo&quot;:&quot;no&quot;}\">\n\t\t\t<div class=\"elementor-widget-wrap elementor-element-populated\">\n\t\t\t\t\t\t<div class=\"elementor-element elementor-element-4d16918 elementor-align-center ob-has-background-overlay elementor-widget elementor-widget-button\" data-id=\"4d16918\" data-element_type=\"widget\" data-e-type=\"widget\" data-settings=\"{&quot;_ob_butterbutton_use_it&quot;:&quot;no&quot;,&quot;_ob_widget_stalker_use&quot;:&quot;no&quot;,&quot;_ob_poopart_use&quot;:&quot;yes&quot;,&quot;_ob_shadough_use&quot;:&quot;no&quot;,&quot;_ob_allow_hoveranimator&quot;:&quot;no&quot;}\" data-widget_type=\"button.default\">\n\t\t\t\t<div class=\"elementor-widget-container\">\n\t\t\t\t\t\t\t\t\t<div class=\"elementor-button-wrapper\">\n\t\t\t\t\t<a class=\"elementor-button elementor-button-link elementor-size-sm\" href=\"https:\/\/conforms.com\/contact\/\">\n\t\t\t\t\t\t<span class=\"elementor-button-content-wrapper\">\n\t\t\t\t\t\t\t\t\t<span class=\"elementor-button-text\">CONT\u00c1CTENOS<\/span>\n\t\t\t\t\t<\/span>\n\t\t\t\t\t<\/a>\n\t\t\t\t<\/div>\n\t\t\t\t\t\t\t\t<\/div>\n\t\t\t\t<\/div>\n\t\t\t\t\t<\/div>\n\t\t<\/div>\n\t\t\t\t\t<\/div>\n\t\t<\/section>\n\t\t\t\t<\/div>","protected":false},"excerpt":{"rendered":"<p>LIMITED TIME OFFERS VIEW FLYER $500 OFF ANY ADVANTAGE BOOM KITS System Size 4.8 Boom Kit orders must include a minimum assortment of boom pipe and\/or deck pipe and elbows Advantage Boom Kit minimum order $6,000 prior to discount Offer ends 6\/30\/24 \u00a0 PLUS A FREE UPGRADE TO ADVANTAGE CCI-LINED ELBOWS Upgrade options include the [&hellip;]<\/p>\n","protected":false},"author":1,"featured_media":0,"parent":0,"menu_order":0,"comment_status":"closed","ping_status":"closed","template":"","meta":{"_uf_show_specific_survey":0,"_uf_disable_surveys":false,"footnotes":""},"class_list":["post-34441","page","type-page","status-publish","hentry"],"yoast_head":"<!-- This site is optimized with the Yoast SEO Premium plugin v27.4 (Yoast SEO v27.4) - https:\/\/yoast.com\/product\/yoast-seo-premium-wordpress\/ -->\n<title>SPRING PROMOTION 2024 - Conforms<\/title>\n<meta name=\"robots\" content=\"index, follow, max-snippet:-1, max-image-preview:large, max-video-preview:-1\" \/>\n<link rel=\"canonical\" href=\"https:\/\/conforms.com\/es\/promocion-primavera-2024\/\" \/>\n<meta property=\"og:locale\" content=\"es_MX\" \/>\n<meta property=\"og:type\" content=\"article\" \/>\n<meta property=\"og:title\" content=\"SPRING PROMOTION 2024\" \/>\n<meta property=\"og:description\" content=\"LIMITED TIME OFFERS VIEW FLYER $500 OFF ANY ADVANTAGE BOOM KITS System Size 4.8 Boom Kit orders must include a minimum assortment of boom pipe and\/or deck pipe and elbows Advantage Boom Kit minimum order $6,000 prior to discount Offer ends 6\/30\/24 \u00a0 PLUS A FREE UPGRADE TO ADVANTAGE CCI-LINED ELBOWS Upgrade options include the [&hellip;]\" \/>\n<meta property=\"og:url\" content=\"https:\/\/conforms.com\/es\/promocion-primavera-2024\/\" \/>\n<meta property=\"og:site_name\" content=\"Conforms\" \/>\n<meta property=\"article:modified_time\" content=\"2024-04-17T19:53:48+00:00\" \/>\n<meta property=\"og:image\" content=\"https:\/\/conforms.com\/wp-content\/uploads\/2024\/03\/2-1024x1024.png\" \/>\n<meta name=\"twitter:card\" content=\"summary_large_image\" \/>\n<meta name=\"twitter:label1\" content=\"Tiempo de lectura\" \/>\n\t<meta name=\"twitter:data1\" content=\"1 minuto\" \/>\n<script type=\"application\/ld+json\" class=\"yoast-schema-graph\">{\"@context\":\"https:\\\/\\\/schema.org\",\"@graph\":[{\"@type\":\"WebPage\",\"@id\":\"https:\\\/\\\/conforms.com\\\/spring-promotion-2024\\\/\",\"url\":\"https:\\\/\\\/conforms.com\\\/spring-promotion-2024\\\/\",\"name\":\"SPRING PROMOTION 2024 - Conforms\",\"isPartOf\":{\"@id\":\"https:\\\/\\\/conforms.com\\\/#website\"},\"primaryImageOfPage\":{\"@id\":\"https:\\\/\\\/conforms.com\\\/spring-promotion-2024\\\/#primaryimage\"},\"image\":{\"@id\":\"https:\\\/\\\/conforms.com\\\/spring-promotion-2024\\\/#primaryimage\"},\"thumbnailUrl\":\"https:\\\/\\\/conforms.com\\\/wp-content\\\/uploads\\\/2024\\\/03\\\/2-1024x1024.png\",\"datePublished\":\"2024-03-29T17:35:15+00:00\",\"dateModified\":\"2024-04-17T19:53:48+00:00\",\"breadcrumb\":{\"@id\":\"https:\\\/\\\/conforms.com\\\/spring-promotion-2024\\\/#breadcrumb\"},\"inLanguage\":\"es\",\"potentialAction\":[{\"@type\":\"ReadAction\",\"target\":[\"https:\\\/\\\/conforms.com\\\/spring-promotion-2024\\\/\"]}]},{\"@type\":\"ImageObject\",\"inLanguage\":\"es\",\"@id\":\"https:\\\/\\\/conforms.com\\\/spring-promotion-2024\\\/#primaryimage\",\"url\":\"https:\\\/\\\/conforms.com\\\/wp-content\\\/uploads\\\/2024\\\/03\\\/2-1024x1024.png\",\"contentUrl\":\"https:\\\/\\\/conforms.com\\\/wp-content\\\/uploads\\\/2024\\\/03\\\/2-1024x1024.png\"},{\"@type\":\"BreadcrumbList\",\"@id\":\"https:\\\/\\\/conforms.com\\\/spring-promotion-2024\\\/#breadcrumb\",\"itemListElement\":[{\"@type\":\"ListItem\",\"position\":1,\"name\":\"Home\",\"item\":\"https:\\\/\\\/conforms.com\\\/\"},{\"@type\":\"ListItem\",\"position\":2,\"name\":\"SPRING PROMOTION 2024\"}]},{\"@type\":\"WebSite\",\"@id\":\"https:\\\/\\\/conforms.com\\\/#website\",\"url\":\"https:\\\/\\\/conforms.com\\\/\",\"name\":\"Conforms\",\"description\":\"Concrete Pumping Pipe Manufacturer\",\"publisher\":{\"@id\":\"https:\\\/\\\/conforms.com\\\/#organization\"},\"potentialAction\":[{\"@type\":\"SearchAction\",\"target\":{\"@type\":\"EntryPoint\",\"urlTemplate\":\"https:\\\/\\\/conforms.com\\\/?s={search_term_string}\"},\"query-input\":{\"@type\":\"PropertyValueSpecification\",\"valueRequired\":true,\"valueName\":\"search_term_string\"}}],\"inLanguage\":\"es\"},{\"@type\":\"Organization\",\"@id\":\"https:\\\/\\\/conforms.com\\\/#organization\",\"name\":\"Conforms\",\"url\":\"https:\\\/\\\/conforms.com\\\/\",\"logo\":{\"@type\":\"ImageObject\",\"inLanguage\":\"es\",\"@id\":\"https:\\\/\\\/conforms.com\\\/#\\\/schema\\\/logo\\\/image\\\/\",\"url\":\"https:\\\/\\\/conforms.com\\\/wp-content\\\/uploads\\\/2022\\\/01\\\/Con-Forms-Header-Logo.png\",\"contentUrl\":\"https:\\\/\\\/conforms.com\\\/wp-content\\\/uploads\\\/2022\\\/01\\\/Con-Forms-Header-Logo.png\",\"width\":3136,\"height\":592,\"caption\":\"Conforms\"},\"image\":{\"@id\":\"https:\\\/\\\/conforms.com\\\/#\\\/schema\\\/logo\\\/image\\\/\"}}]}<\/script>\n<!-- \/ Yoast SEO Premium plugin. -->","yoast_head_json":{"title":"PROMOCI\u00d3N PRIMAVERA 2024 - Conforme","robots":{"index":"index","follow":"follow","max-snippet":"max-snippet:-1","max-image-preview":"max-image-preview:large","max-video-preview":"max-video-preview:-1"},"canonical":"https:\/\/conforms.com\/es\/promocion-primavera-2024\/","og_locale":"es_MX","og_type":"article","og_title":"SPRING PROMOTION 2024","og_description":"LIMITED TIME OFFERS VIEW FLYER $500 OFF ANY ADVANTAGE BOOM KITS System Size 4.8 Boom Kit orders must include a minimum assortment of boom pipe and\/or deck pipe and elbows Advantage Boom Kit minimum order $6,000 prior to discount Offer ends 6\/30\/24 \u00a0 PLUS A FREE UPGRADE TO ADVANTAGE CCI-LINED ELBOWS Upgrade options include the [&hellip;]","og_url":"https:\/\/conforms.com\/es\/promocion-primavera-2024\/","og_site_name":"Conforms","article_modified_time":"2024-04-17T19:53:48+00:00","og_image":[{"url":"https:\/\/conforms.com\/wp-content\/uploads\/2024\/03\/2-1024x1024.png","type":"","width":"","height":""}],"twitter_card":"summary_large_image","twitter_misc":{"Tiempo de lectura":"1 minuto"},"schema":{"@context":"https:\/\/schema.org","@graph":[{"@type":"WebPage","@id":"https:\/\/conforms.com\/spring-promotion-2024\/","url":"https:\/\/conforms.com\/spring-promotion-2024\/","name":"PROMOCI\u00d3N PRIMAVERA 2024 - Conforme","isPartOf":{"@id":"https:\/\/conforms.com\/#website"},"primaryImageOfPage":{"@id":"https:\/\/conforms.com\/spring-promotion-2024\/#primaryimage"},"image":{"@id":"https:\/\/conforms.com\/spring-promotion-2024\/#primaryimage"},"thumbnailUrl":"https:\/\/conforms.com\/wp-content\/uploads\/2024\/03\/2-1024x1024.png","datePublished":"2024-03-29T17:35:15+00:00","dateModified":"2024-04-17T19:53:48+00:00","breadcrumb":{"@id":"https:\/\/conforms.com\/spring-promotion-2024\/#breadcrumb"},"inLanguage":"es","potentialAction":[{"@type":"ReadAction","target":["https:\/\/conforms.com\/spring-promotion-2024\/"]}]},{"@type":"ImageObject","inLanguage":"es","@id":"https:\/\/conforms.com\/spring-promotion-2024\/#primaryimage","url":"https:\/\/conforms.com\/wp-content\/uploads\/2024\/03\/2-1024x1024.png","contentUrl":"https:\/\/conforms.com\/wp-content\/uploads\/2024\/03\/2-1024x1024.png"},{"@type":"BreadcrumbList","@id":"https:\/\/conforms.com\/spring-promotion-2024\/#breadcrumb","itemListElement":[{"@type":"ListItem","position":1,"name":"Home","item":"https:\/\/conforms.com\/"},{"@type":"ListItem","position":2,"name":"SPRING PROMOTION 2024"}]},{"@type":"WebSite","@id":"https:\/\/conforms.com\/#website","url":"https:\/\/conforms.com\/","name":"conforme","description":"Fabricante de tubos de bombeo de hormig\u00f3n","publisher":{"@id":"https:\/\/conforms.com\/#organization"},"potentialAction":[{"@type":"SearchAction","target":{"@type":"EntryPoint","urlTemplate":"https:\/\/conforms.com\/?s={search_term_string}"},"query-input":{"@type":"PropertyValueSpecification","valueRequired":true,"valueName":"search_term_string"}}],"inLanguage":"es"},{"@type":"Organization","@id":"https:\/\/conforms.com\/#organization","name":"conforme","url":"https:\/\/conforms.com\/","logo":{"@type":"ImageObject","inLanguage":"es","@id":"https:\/\/conforms.com\/#\/schema\/logo\/image\/","url":"https:\/\/conforms.com\/wp-content\/uploads\/2022\/01\/Con-Forms-Header-Logo.png","contentUrl":"https:\/\/conforms.com\/wp-content\/uploads\/2022\/01\/Con-Forms-Header-Logo.png","width":3136,"height":592,"caption":"Conforms"},"image":{"@id":"https:\/\/conforms.com\/#\/schema\/logo\/image\/"}}]}},"_links":{"self":[{"href":"https:\/\/conforms.com\/es\/wp-json\/wp\/v2\/pages\/34441","targetHints":{"allow":["GET"]}}],"collection":[{"href":"https:\/\/conforms.com\/es\/wp-json\/wp\/v2\/pages"}],"about":[{"href":"https:\/\/conforms.com\/es\/wp-json\/wp\/v2\/types\/page"}],"author":[{"embeddable":true,"href":"https:\/\/conforms.com\/es\/wp-json\/wp\/v2\/users\/1"}],"replies":[{"embeddable":true,"href":"https:\/\/conforms.com\/es\/wp-json\/wp\/v2\/comments?post=34441"}],"version-history":[{"count":31,"href":"https:\/\/conforms.com\/es\/wp-json\/wp\/v2\/pages\/34441\/revisions"}],"predecessor-version":[{"id":34621,"href":"https:\/\/conforms.com\/es\/wp-json\/wp\/v2\/pages\/34441\/revisions\/34621"}],"wp:attachment":[{"href":"https:\/\/conforms.com\/es\/wp-json\/wp\/v2\/media?parent=34441"}],"curies":[{"name":"wp","href":"https:\/\/api.w.org\/{rel}","templated":true}]}}